{"id":10535,"date":"2022-07-18T14:43:59","date_gmt":"2022-07-18T14:43:59","guid":{"rendered":"https:\/\/apmea.davincigourmet.com\/tam-kapsamli-hizmetlerimiz\/"},"modified":"2025-01-16T04:37:05","modified_gmt":"2025-01-16T04:37:05","slug":"tam-kapsamli-hizmetlerimiz","status":"publish","type":"page","link":"https:\/\/apmea.davincigourmet.com\/tr\/tam-kapsamli-hizmetlerimiz\/","title":{"rendered":"TAM KAPSAMLI H\u0130ZMETLER\u0130M\u0130Z"},"content":{"rendered":"<br \/>\n<h2>SANAT\u00c7I S\u0130ZS\u0130N\u0130Z.<br \/>B\u0130Z \u0130SE PALET\u0130N\u0130Z.<\/h2>\n<p>\u0130ster bir zincir ister ba\u011f\u0131ms\u0131z bir i\u015fletme olun, m\u00fc\u015fterilerinizin ihtiya\u00e7 durumlar\u0131n\u0131 anlaman\u0131za ve i\u015finizi b\u00fcy\u00fctmek i\u00e7in f\u0131rsatlar\u0131 belirlemenize yard\u0131mc\u0131 olmak amac\u0131yla i\u015f birli\u011fi yapmak istiyoruz.<\/p>\n","protected":false},"excerpt":{"rendered":"<p>Size aroma bilgisi, m\u00fc\u015fteriyi anlama, uygulama ve operasyonel uzmanl\u0131k ile ilgili eksiksiz bir palet sunuyoruz.<\/p>\n","protected":false},"author":1,"featured_media":0,"parent":0,"menu_order":0,"comment_status":"closed","ping_status":"closed","template":"page-holistic-services.php","meta":{"_acf_changed":false,"footnotes":""},"class_list":["post-10535","page","type-page","status-publish","hentry","no-post-thumbnail"],"acf":[],"aioseo_notices":[],"_links":{"self":[{"href":"https:\/\/apmea.davincigourmet.com\/tr\/wp-json\/wp\/v2\/pages\/10535","targetHints":{"allow":["GET"]}}],"collection":[{"href":"https:\/\/apmea.davincigourmet.com\/tr\/wp-json\/wp\/v2\/pages"}],"about":[{"href":"https:\/\/apmea.davincigourmet.com\/tr\/wp-json\/wp\/v2\/types\/page"}],"author":[{"embeddable":true,"href":"https:\/\/apmea.davincigourmet.com\/tr\/wp-json\/wp\/v2\/users\/1"}],"replies":[{"embeddable":true,"href":"https:\/\/apmea.davincigourmet.com\/tr\/wp-json\/wp\/v2\/comments?post=10535"}],"version-history":[{"count":8,"href":"https:\/\/apmea.davincigourmet.com\/tr\/wp-json\/wp\/v2\/pages\/10535\/revisions"}],"predecessor-version":[{"id":10622,"href":"https:\/\/apmea.davincigourmet.com\/tr\/wp-json\/wp\/v2\/pages\/10535\/revisions\/10622"}],"wp:attachment":[{"href":"https:\/\/apmea.davincigourmet.com\/tr\/wp-json\/wp\/v2\/media?parent=10535"}],"curies":[{"name":"wp","href":"https:\/\/api.w.org\/{rel}","templated":true}]}}