{"id":11595,"date":"2022-08-02T14:00:21","date_gmt":"2022-08-02T14:00:21","guid":{"rendered":"https:\/\/apmea.davincigourmet.com\/fga-mixology\/"},"modified":"2026-01-14T10:57:26","modified_gmt":"2026-01-14T10:57:26","slug":"fga-mixology","status":"publish","type":"page","link":"https:\/\/apmea.davincigourmet.com\/tr\/fga-mixology\/","title":{"rendered":"FGA MIXOLOGY"},"content":{"rendered":"<p>Kar\u0131\u015ft\u0131rma, \u00e7alkalayarak \u00e7\u0131rpma ve atma gibi farkl\u0131 kar\u0131\u015ft\u0131rma y\u00f6ntemleriyle i\u00e7ecekleri kar\u0131\u015ft\u0131rman\u0131n sekt\u00f6rel temellerini anlay\u0131n.  <\/p>\n","protected":false},"excerpt":{"rendered":"<p>Understand the industry fundamentals of mixing drinks from different mixing methods muddling<\/p>\n","protected":false},"author":1,"featured_media":11596,"parent":0,"menu_order":0,"comment_status":"closed","ping_status":"closed","template":"page-fga-events-mixology.php","meta":{"_acf_changed":false,"footnotes":""},"class_list":["post-11595","page","type-page","status-publish","has-post-thumbnail","hentry"],"acf":[],"aioseo_notices":[],"_links":{"self":[{"href":"https:\/\/apmea.davincigourmet.com\/tr\/wp-json\/wp\/v2\/pages\/11595","targetHints":{"allow":["GET"]}}],"collection":[{"href":"https:\/\/apmea.davincigourmet.com\/tr\/wp-json\/wp\/v2\/pages"}],"about":[{"href":"https:\/\/apmea.davincigourmet.com\/tr\/wp-json\/wp\/v2\/types\/page"}],"author":[{"embeddable":true,"href":"https:\/\/apmea.davincigourmet.com\/tr\/wp-json\/wp\/v2\/users\/1"}],"replies":[{"embeddable":true,"href":"https:\/\/apmea.davincigourmet.com\/tr\/wp-json\/wp\/v2\/comments?post=11595"}],"version-history":[{"count":1,"href":"https:\/\/apmea.davincigourmet.com\/tr\/wp-json\/wp\/v2\/pages\/11595\/revisions"}],"predecessor-version":[{"id":11603,"href":"https:\/\/apmea.davincigourmet.com\/tr\/wp-json\/wp\/v2\/pages\/11595\/revisions\/11603"}],"wp:featuredmedia":[{"embeddable":true,"href":"https:\/\/apmea.davincigourmet.com\/tr\/wp-json\/wp\/v2\/media\/11596"}],"wp:attachment":[{"href":"https:\/\/apmea.davincigourmet.com\/tr\/wp-json\/wp\/v2\/media?parent=11595"}],"curies":[{"name":"wp","href":"https:\/\/api.w.org\/{rel}","templated":true}]}}