{"id":11799,"date":"2022-08-11T08:42:35","date_gmt":"2022-08-11T08:42:35","guid":{"rendered":"https:\/\/apmea.davincigourmet.com\/contact-thank-you\/"},"modified":"2026-03-28T06:05:01","modified_gmt":"2026-03-28T06:05:01","slug":"contact-thank-you","status":"publish","type":"page","link":"https:\/\/apmea.davincigourmet.com\/tr\/contact-thank-you\/","title":{"rendered":"Contact Thank You"},"content":{"rendered":"<h2>B\u0130Z\u0130MLE \u0130LET\u0130\u015e\u0130ME GE\u00c7T\u0130\u011e\u0130N\u0130Z \u0130\u00c7\u0130N TE\u015eEKK\u00dcR EDER\u0130Z!<\/h2>\n<p>Yak\u0131nda sizinle ileti\u015fime ge\u00e7ece\u011fiz.<\/p>\n","protected":false},"excerpt":{"rendered":"<p>B\u0130Z\u0130MLE \u0130LET\u0130\u015e\u0130ME GE\u00c7T\u0130\u011e\u0130N\u0130Z \u0130\u00c7\u0130N TE\u015eEKK\u00dcR EDER\u0130Z! Yak\u0131nda sizinle ileti\u015fime ge\u00e7ece\u011fiz.<\/p>\n","protected":false},"author":1,"featured_media":0,"parent":0,"menu_order":0,"comment_status":"closed","ping_status":"closed","template":"page-thank-you-events-registration.php","meta":{"_acf_changed":false,"footnotes":""},"class_list":["post-11799","page","type-page","status-publish","hentry","no-post-thumbnail"],"acf":[],"aioseo_notices":[],"_links":{"self":[{"href":"https:\/\/apmea.davincigourmet.com\/tr\/wp-json\/wp\/v2\/pages\/11799","targetHints":{"allow":["GET"]}}],"collection":[{"href":"https:\/\/apmea.davincigourmet.com\/tr\/wp-json\/wp\/v2\/pages"}],"about":[{"href":"https:\/\/apmea.davincigourmet.com\/tr\/wp-json\/wp\/v2\/types\/page"}],"author":[{"embeddable":true,"href":"https:\/\/apmea.davincigourmet.com\/tr\/wp-json\/wp\/v2\/users\/1"}],"replies":[{"embeddable":true,"href":"https:\/\/apmea.davincigourmet.com\/tr\/wp-json\/wp\/v2\/comments?post=11799"}],"version-history":[{"count":1,"href":"https:\/\/apmea.davincigourmet.com\/tr\/wp-json\/wp\/v2\/pages\/11799\/revisions"}],"predecessor-version":[{"id":11800,"href":"https:\/\/apmea.davincigourmet.com\/tr\/wp-json\/wp\/v2\/pages\/11799\/revisions\/11800"}],"wp:attachment":[{"href":"https:\/\/apmea.davincigourmet.com\/tr\/wp-json\/wp\/v2\/media?parent=11799"}],"curies":[{"name":"wp","href":"https:\/\/api.w.org\/{rel}","templated":true}]}}