{"id":6426,"date":"2022-07-17T11:00:49","date_gmt":"2022-07-17T11:00:49","guid":{"rendered":"https:\/\/apmea.davincigourmet.com\/tarifler\/"},"modified":"2024-12-14T08:01:26","modified_gmt":"2024-12-14T08:01:26","slug":"tarifler","status":"publish","type":"page","link":"https:\/\/apmea.davincigourmet.com\/tr\/tarifler\/","title":{"rendered":"TAR\u0130FLER"},"content":{"rendered":"<div id=\"cs-content\" class=\"cs-content\"><\/div>\n","protected":false},"excerpt":{"rendered":"<p>DaVinci Gourmet tarif k\u00fct\u00fcphanemizden ilham al\u0131n.<br \/>\nAlan\u0131nda uzman gurme tariflerimiz, i\u00e7ecek inovasyonlar\u0131n\u0131z\u0131 bir \u00fcst seviyeye ta\u015f\u0131man\u0131za yard\u0131mc\u0131 olacak.<\/p>\n","protected":false},"author":1,"featured_media":6427,"parent":0,"menu_order":0,"comment_status":"closed","ping_status":"closed","template":"template-blank-4.php","meta":{"_acf_changed":false,"footnotes":""},"class_list":["post-6426","page","type-page","status-publish","has-post-thumbnail","hentry"],"acf":[],"aioseo_notices":[],"_links":{"self":[{"href":"https:\/\/apmea.davincigourmet.com\/tr\/wp-json\/wp\/v2\/pages\/6426","targetHints":{"allow":["GET"]}}],"collection":[{"href":"https:\/\/apmea.davincigourmet.com\/tr\/wp-json\/wp\/v2\/pages"}],"about":[{"href":"https:\/\/apmea.davincigourmet.com\/tr\/wp-json\/wp\/v2\/types\/page"}],"author":[{"embeddable":true,"href":"https:\/\/apmea.davincigourmet.com\/tr\/wp-json\/wp\/v2\/users\/1"}],"replies":[{"embeddable":true,"href":"https:\/\/apmea.davincigourmet.com\/tr\/wp-json\/wp\/v2\/comments?post=6426"}],"version-history":[{"count":5,"href":"https:\/\/apmea.davincigourmet.com\/tr\/wp-json\/wp\/v2\/pages\/6426\/revisions"}],"predecessor-version":[{"id":10597,"href":"https:\/\/apmea.davincigourmet.com\/tr\/wp-json\/wp\/v2\/pages\/6426\/revisions\/10597"}],"wp:featuredmedia":[{"embeddable":true,"href":"https:\/\/apmea.davincigourmet.com\/tr\/wp-json\/wp\/v2\/media\/6427"}],"wp:attachment":[{"href":"https:\/\/apmea.davincigourmet.com\/tr\/wp-json\/wp\/v2\/media?parent=6426"}],"curies":[{"name":"wp","href":"https:\/\/api.w.org\/{rel}","templated":true}]}}