{"id":6433,"date":"2022-06-05T11:31:25","date_gmt":"2022-06-05T11:31:25","guid":{"rendered":"https:\/\/apmea.davincigourmet.com\/home\/"},"modified":"2026-03-06T10:27:56","modified_gmt":"2026-03-06T10:27:56","slug":"home","status":"publish","type":"page","link":"https:\/\/apmea.davincigourmet.com\/tr\/","title":{"rendered":"Home"},"content":{"rendered":"<div id=\"cs-content\" class=\"cs-content\"><\/div>\n","protected":false},"excerpt":{"rendered":"<p>Kafe, bar ve profesyoneller i\u00e7in \u00f6zel olarak \u00fcretilmi\u015f birinci s\u0131n\u0131f i\u00e7ecek malzemelerini ke\u015ffedin. DaVinci Gourmet, her damlada kalite, tutarl\u0131l\u0131k ve harika lezzet sunar.<\/p>\n","protected":false},"author":1,"featured_media":0,"parent":0,"menu_order":0,"comment_status":"closed","ping_status":"closed","template":"template-blank-4.php","meta":{"_acf_changed":false,"footnotes":""},"class_list":["post-6433","page","type-page","status-publish","hentry","no-post-thumbnail"],"acf":[],"aioseo_notices":[],"_links":{"self":[{"href":"https:\/\/apmea.davincigourmet.com\/tr\/wp-json\/wp\/v2\/pages\/6433","targetHints":{"allow":["GET"]}}],"collection":[{"href":"https:\/\/apmea.davincigourmet.com\/tr\/wp-json\/wp\/v2\/pages"}],"about":[{"href":"https:\/\/apmea.davincigourmet.com\/tr\/wp-json\/wp\/v2\/types\/page"}],"author":[{"embeddable":true,"href":"https:\/\/apmea.davincigourmet.com\/tr\/wp-json\/wp\/v2\/users\/1"}],"replies":[{"embeddable":true,"href":"https:\/\/apmea.davincigourmet.com\/tr\/wp-json\/wp\/v2\/comments?post=6433"}],"version-history":[{"count":43,"href":"https:\/\/apmea.davincigourmet.com\/tr\/wp-json\/wp\/v2\/pages\/6433\/revisions"}],"predecessor-version":[{"id":11721,"href":"https:\/\/apmea.davincigourmet.com\/tr\/wp-json\/wp\/v2\/pages\/6433\/revisions\/11721"}],"wp:attachment":[{"href":"https:\/\/apmea.davincigourmet.com\/tr\/wp-json\/wp\/v2\/media?parent=6433"}],"curies":[{"name":"wp","href":"https:\/\/api.w.org\/{rel}","templated":true}]}}