{"id":7561,"date":"2023-03-13T11:06:11","date_gmt":"2023-03-13T11:06:11","guid":{"rendered":"https:\/\/apmea.davincigourmet.com\/trend-uyarilari\/"},"modified":"2023-03-13T11:06:11","modified_gmt":"2023-03-13T11:06:11","slug":"trend-uyarilari","status":"publish","type":"page","link":"https:\/\/apmea.davincigourmet.com\/tr\/trend-uyarilari\/","title":{"rendered":"Trend Uyar\u0131lar\u0131"},"content":{"rendered":"<h1>Trend Uyar\u0131lar\u0131<\/h1>\n<p>G\u00fcncel kal\u0131n ve y\u00fckselen trendleri ka\u00e7\u0131rmay\u0131n<\/p>\n","protected":false},"excerpt":{"rendered":"<p>Trend Uyar\u0131lar\u0131 G\u00fcncel kal\u0131n ve y\u00fckselen trendleri ka\u00e7\u0131rmay\u0131n<\/p>\n","protected":false},"author":1,"featured_media":7562,"parent":0,"menu_order":0,"comment_status":"closed","ping_status":"closed","template":"archive-trends.php","meta":{"_acf_changed":false,"footnotes":""},"class_list":["post-7561","page","type-page","status-publish","has-post-thumbnail","hentry"],"acf":[],"aioseo_notices":[],"_links":{"self":[{"href":"https:\/\/apmea.davincigourmet.com\/tr\/wp-json\/wp\/v2\/pages\/7561","targetHints":{"allow":["GET"]}}],"collection":[{"href":"https:\/\/apmea.davincigourmet.com\/tr\/wp-json\/wp\/v2\/pages"}],"about":[{"href":"https:\/\/apmea.davincigourmet.com\/tr\/wp-json\/wp\/v2\/types\/page"}],"author":[{"embeddable":true,"href":"https:\/\/apmea.davincigourmet.com\/tr\/wp-json\/wp\/v2\/users\/1"}],"replies":[{"embeddable":true,"href":"https:\/\/apmea.davincigourmet.com\/tr\/wp-json\/wp\/v2\/comments?post=7561"}],"version-history":[{"count":0,"href":"https:\/\/apmea.davincigourmet.com\/tr\/wp-json\/wp\/v2\/pages\/7561\/revisions"}],"wp:featuredmedia":[{"embeddable":true,"href":"https:\/\/apmea.davincigourmet.com\/tr\/wp-json\/wp\/v2\/media\/7562"}],"wp:attachment":[{"href":"https:\/\/apmea.davincigourmet.com\/tr\/wp-json\/wp\/v2\/media?parent=7561"}],"curies":[{"name":"wp","href":"https:\/\/api.w.org\/{rel}","templated":true}]}}