{"id":9094,"date":"2022-09-22T02:31:22","date_gmt":"2022-09-22T02:31:22","guid":{"rendered":"https:\/\/apmea.davincigourmet.com\/haberler\/"},"modified":"2022-09-22T02:31:22","modified_gmt":"2022-09-22T02:31:22","slug":"haberler","status":"publish","type":"page","link":"https:\/\/apmea.davincigourmet.com\/tr\/haberler\/","title":{"rendered":"HABERLER"},"content":{"rendered":"","protected":false},"excerpt":{"rendered":"<p>Sekt\u00f6r haberlerini takip edin ve kahve, \u00e7ay ve alkols\u00fcz meyve kokteylleri d\u00fcnyas\u0131ndaki en son geli\u015fmelerden haberdar olun! <\/p>\n","protected":false},"author":1,"featured_media":9095,"parent":0,"menu_order":0,"comment_status":"closed","ping_status":"closed","template":"page-news.php","meta":{"_acf_changed":false,"footnotes":""},"class_list":["post-9094","page","type-page","status-publish","has-post-thumbnail","hentry"],"acf":[],"aioseo_notices":[],"_links":{"self":[{"href":"https:\/\/apmea.davincigourmet.com\/tr\/wp-json\/wp\/v2\/pages\/9094","targetHints":{"allow":["GET"]}}],"collection":[{"href":"https:\/\/apmea.davincigourmet.com\/tr\/wp-json\/wp\/v2\/pages"}],"about":[{"href":"https:\/\/apmea.davincigourmet.com\/tr\/wp-json\/wp\/v2\/types\/page"}],"author":[{"embeddable":true,"href":"https:\/\/apmea.davincigourmet.com\/tr\/wp-json\/wp\/v2\/users\/1"}],"replies":[{"embeddable":true,"href":"https:\/\/apmea.davincigourmet.com\/tr\/wp-json\/wp\/v2\/comments?post=9094"}],"version-history":[{"count":0,"href":"https:\/\/apmea.davincigourmet.com\/tr\/wp-json\/wp\/v2\/pages\/9094\/revisions"}],"wp:featuredmedia":[{"embeddable":true,"href":"https:\/\/apmea.davincigourmet.com\/tr\/wp-json\/wp\/v2\/media\/9095"}],"wp:attachment":[{"href":"https:\/\/apmea.davincigourmet.com\/tr\/wp-json\/wp\/v2\/media?parent=9094"}],"curies":[{"name":"wp","href":"https:\/\/api.w.org\/{rel}","templated":true}]}}