{"id":9138,"date":"2022-07-11T15:25:56","date_gmt":"2022-07-11T15:25:56","guid":{"rendered":"https:\/\/apmea.davincigourmet.com\/bize-ulasin\/"},"modified":"2026-03-14T05:28:27","modified_gmt":"2026-03-14T05:28:27","slug":"bize-ulasin","status":"publish","type":"page","link":"https:\/\/apmea.davincigourmet.com\/tr\/bize-ulasin\/","title":{"rendered":"Bize Ula\u015f\u0131n"},"content":{"rendered":"<p><script src=\"\/\/explore.kerry.com\/js\/forms2\/js\/forms2.min.js\"><\/script> <\/p>\n<form id=\"mktoForm_5968\"><\/form>\n<p> <script>MktoForms2.loadForm(\"\/\/explore.kerry.com\", \"117-TLU-222\", 5968);<\/script><\/p>\n","protected":false},"excerpt":{"rendered":"<p>DaVinci Gourmet \u00fcr\u00fcnlerini stoklamak m\u0131 istiyorsunuz? Yetkili distrib\u00fct\u00f6r\u00fcn\u00fcz\u00fc bulun, online sipari\u015f verin veya \u00fclkenizdeki distrib\u00fct\u00f6rler i\u00e7in bizimle ileti\u015fime ge\u00e7in.<\/p>\n","protected":false},"author":1,"featured_media":0,"parent":0,"menu_order":0,"comment_status":"closed","ping_status":"closed","template":"page-contact-us.php","meta":{"_acf_changed":false,"footnotes":""},"class_list":["post-9138","page","type-page","status-publish","hentry","no-post-thumbnail"],"acf":[],"aioseo_notices":[],"_links":{"self":[{"href":"https:\/\/apmea.davincigourmet.com\/tr\/wp-json\/wp\/v2\/pages\/9138","targetHints":{"allow":["GET"]}}],"collection":[{"href":"https:\/\/apmea.davincigourmet.com\/tr\/wp-json\/wp\/v2\/pages"}],"about":[{"href":"https:\/\/apmea.davincigourmet.com\/tr\/wp-json\/wp\/v2\/types\/page"}],"author":[{"embeddable":true,"href":"https:\/\/apmea.davincigourmet.com\/tr\/wp-json\/wp\/v2\/users\/1"}],"replies":[{"embeddable":true,"href":"https:\/\/apmea.davincigourmet.com\/tr\/wp-json\/wp\/v2\/comments?post=9138"}],"version-history":[{"count":2,"href":"https:\/\/apmea.davincigourmet.com\/tr\/wp-json\/wp\/v2\/pages\/9138\/revisions"}],"predecessor-version":[{"id":11748,"href":"https:\/\/apmea.davincigourmet.com\/tr\/wp-json\/wp\/v2\/pages\/9138\/revisions\/11748"}],"wp:attachment":[{"href":"https:\/\/apmea.davincigourmet.com\/tr\/wp-json\/wp\/v2\/media?parent=9138"}],"curies":[{"name":"wp","href":"https:\/\/api.w.org\/{rel}","templated":true}]}}