{"id":9214,"date":"2022-07-07T12:14:21","date_gmt":"2022-07-07T12:14:21","guid":{"rendered":"https:\/\/apmea.davincigourmet.com\/flavour-genius-academy\/"},"modified":"2026-03-14T05:30:12","modified_gmt":"2026-03-14T05:30:12","slug":"flavour-genius-academy","status":"publish","type":"page","link":"https:\/\/apmea.davincigourmet.com\/tr\/flavour-genius-academy\/","title":{"rendered":"FLAVOUR GENIUS ACADEMY"},"content":{"rendered":"<p>Servis etti\u011finiz her i\u00e7ecekte lezzeti nas\u0131l yarataca\u011f\u0131n\u0131z\u0131 ve ifade edece\u011finizi ke\u015ffedin.<\/p>\n","protected":false},"excerpt":{"rendered":"<p>\u0130\u00e7ecek profesyonelleri, DaVinci Gourmet Lezzet Dehas\u0131 Akademisi ile lezzet yaratmay\u0131 \u00f6\u011frenir; barista, charista ve miksoloji becerileriyle her i\u00e7ece\u011fi \u00fcst seviyeye ta\u015f\u0131r.<\/p>\n","protected":false},"author":1,"featured_media":0,"parent":0,"menu_order":0,"comment_status":"closed","ping_status":"closed","template":"page-flavor-geniuses-academy.php","meta":{"_acf_changed":false,"footnotes":""},"class_list":["post-9214","page","type-page","status-publish","hentry","no-post-thumbnail"],"acf":[],"aioseo_notices":[],"_links":{"self":[{"href":"https:\/\/apmea.davincigourmet.com\/tr\/wp-json\/wp\/v2\/pages\/9214","targetHints":{"allow":["GET"]}}],"collection":[{"href":"https:\/\/apmea.davincigourmet.com\/tr\/wp-json\/wp\/v2\/pages"}],"about":[{"href":"https:\/\/apmea.davincigourmet.com\/tr\/wp-json\/wp\/v2\/types\/page"}],"author":[{"embeddable":true,"href":"https:\/\/apmea.davincigourmet.com\/tr\/wp-json\/wp\/v2\/users\/1"}],"replies":[{"embeddable":true,"href":"https:\/\/apmea.davincigourmet.com\/tr\/wp-json\/wp\/v2\/comments?post=9214"}],"version-history":[{"count":1,"href":"https:\/\/apmea.davincigourmet.com\/tr\/wp-json\/wp\/v2\/pages\/9214\/revisions"}],"predecessor-version":[{"id":11749,"href":"https:\/\/apmea.davincigourmet.com\/tr\/wp-json\/wp\/v2\/pages\/9214\/revisions\/11749"}],"wp:attachment":[{"href":"https:\/\/apmea.davincigourmet.com\/tr\/wp-json\/wp\/v2\/media?parent=9214"}],"curies":[{"name":"wp","href":"https:\/\/api.w.org\/{rel}","templated":true}]}}