{"id":9225,"date":"2022-07-21T03:06:30","date_gmt":"2022-07-21T03:06:30","guid":{"rendered":"https:\/\/apmea.davincigourmet.com\/urunler\/"},"modified":"2024-09-17T06:53:39","modified_gmt":"2024-09-17T06:53:39","slug":"urunler","status":"publish","type":"page","link":"https:\/\/apmea.davincigourmet.com\/tr\/urunler\/","title":{"rendered":"\u00dcr\u00fcnler"},"content":{"rendered":"<div id=\"cs-content\" class=\"cs-content\"><\/div>\n","protected":false},"excerpt":{"rendered":"<p>Kullan\u0131m\u0131 kolay oldu\u011fu kadar lezzette de s\u0131n\u0131r tan\u0131mayan, \u00e7\u0131\u011f\u0131r a\u00e7an geni\u015f i\u00e7ecek \u00e7\u00f6z\u00fcmlerimizi ke\u015ffedin.<\/p>\n","protected":false},"author":1,"featured_media":10405,"parent":0,"menu_order":0,"comment_status":"closed","ping_status":"closed","template":"template-blank-4.php","meta":{"_acf_changed":false,"footnotes":""},"class_list":["post-9225","page","type-page","status-publish","has-post-thumbnail","hentry"],"acf":[],"aioseo_notices":[],"_links":{"self":[{"href":"https:\/\/apmea.davincigourmet.com\/tr\/wp-json\/wp\/v2\/pages\/9225","targetHints":{"allow":["GET"]}}],"collection":[{"href":"https:\/\/apmea.davincigourmet.com\/tr\/wp-json\/wp\/v2\/pages"}],"about":[{"href":"https:\/\/apmea.davincigourmet.com\/tr\/wp-json\/wp\/v2\/types\/page"}],"author":[{"embeddable":true,"href":"https:\/\/apmea.davincigourmet.com\/tr\/wp-json\/wp\/v2\/users\/1"}],"replies":[{"embeddable":true,"href":"https:\/\/apmea.davincigourmet.com\/tr\/wp-json\/wp\/v2\/comments?post=9225"}],"version-history":[{"count":5,"href":"https:\/\/apmea.davincigourmet.com\/tr\/wp-json\/wp\/v2\/pages\/9225\/revisions"}],"predecessor-version":[{"id":9345,"href":"https:\/\/apmea.davincigourmet.com\/tr\/wp-json\/wp\/v2\/pages\/9225\/revisions\/9345"}],"wp:featuredmedia":[{"embeddable":true,"href":"https:\/\/apmea.davincigourmet.com\/tr\/wp-json\/wp\/v2\/media\/10405"}],"wp:attachment":[{"href":"https:\/\/apmea.davincigourmet.com\/tr\/wp-json\/wp\/v2\/media?parent=9225"}],"curies":[{"name":"wp","href":"https:\/\/api.w.org\/{rel}","templated":true}]}}