{"id":9275,"date":"2022-07-11T15:26:07","date_gmt":"2022-07-11T15:26:07","guid":{"rendered":"https:\/\/apmea.davincigourmet.com\/gizlilik-politikasi\/"},"modified":"2026-03-14T05:31:51","modified_gmt":"2026-03-14T05:31:51","slug":"gizlilik-politikasi","status":"publish","type":"page","link":"https:\/\/apmea.davincigourmet.com\/tr\/gizlilik-politikasi\/","title":{"rendered":"Gizlilik Politikas\u0131"},"content":{"rendered":"<h2>B\u0130Z K\u0130M\u0130Z?<\/h2>\n<p> Kerry Group, Prince&#8217;s Street, Tralee, County Kerry, \u0130rlanda adresinde kay\u0131tl\u0131 ofis adresiyle \u0130rlanda&#8217;da kurulmu\u015f bir halka a\u00e7\u0131k \u015firket olan Kerry Group PLC ana \u015firketi alt\u0131nda faaliyet g\u00f6steren bir \u015firketler grubudur.<br \/>Kerry Group olarak ki\u015fisel verilerinizin gizlilik ve g\u00fcvenli\u011fini korumay\u0131 taahh\u00fct ediyoruz.<br \/>Ki\u015fisel veri, bir birey hakk\u0131nda o ki\u015finin kimli\u011fini tan\u0131mlayabilecek her t\u00fcrl\u00fc bilgi anlam\u0131na gelir.<br \/>Anonim verileri, yani kimli\u011finizi tan\u0131mlayamayan verileri i\u00e7ermez.<br \/>Ki\u015fisel verilerinizin nas\u0131l tutulaca\u011f\u0131na ve kullan\u0131laca\u011f\u0131na karar vermekten sorumlu olan kurulu\u015f, Veri Koruma Mevzuat\u0131 uyar\u0131nca \u201cveri sorumlusu\u201d olarak adland\u0131r\u0131l\u0131r.<br \/>Kerry Group b\u00fcnyesinde bu g\u00f6rev, Kerry Group ile olan ili\u015fkinize (m\u00fc\u015fteri, hissedar, y\u00fcklenici veya di\u011fer ilgili ili\u015fkiler) ba\u011fl\u0131 olarak de\u011fi\u015fen \u00e7e\u015fitli \u015firketler taraf\u0131ndan yerine getirilir.<br \/>&#8220;Veri Koruma Mevzuat\u0131&#8221;, ki\u015fisel verilerin i\u015flenmesine ili\u015fkin olarak ger\u00e7ek ki\u015filerin korunmas\u0131 ve bu t\u00fcr verilerin serbest dola\u015f\u0131m\u0131na ili\u015fkin 27 Nisan 2016 tarihli ve 2016\/679 say\u0131l\u0131 Avrupa Parlamentosu ve Konsey Y\u00f6netmeli\u011fi (&#8220;GDPR&#8221;) ve GDPR&#8217;yi uygulayan veya zaman zaman de\u011fi\u015ftirilebilecek veya tadil edilebilecek olan ki\u015fisel verilerin i\u015flenmesiyle ilgili herhangi bir ge\u00e7erli ulusal mevzuat anlam\u0131na gelmektedir.<br \/>Ki\u015fisel verilerinizi yaln\u0131zca yasalar izin verdi\u011finde kullanaca\u011f\u0131z ve ki\u015fisel verilerinizin yanl\u0131\u015fl\u0131kla kaybolmas\u0131n\u0131, yetkisiz bir \u015fekilde kullan\u0131lmas\u0131n\u0131 veya eri\u015filmesini, de\u011fi\u015ftirilmesini veya if\u015fa edilmesini \u00f6nlemek amac\u0131yla uygun g\u00fcvenlik \u00f6nlemlerini ald\u0131k.        <\/p>\n<h2>KI\u0307\u015eI\u0307SEL BI\u0307LGI\u0307LERI\u0307NI\u0307Z NASIL TOPLANIYOR?<\/h2>\n<p> Ki\u015fisel verileri sizinle olan etkile\u015fimlerimiz arac\u0131l\u0131\u011f\u0131yla, hizmetlerimizden yararland\u0131\u011f\u0131n\u0131zda veya \u00fcr\u00fcnlerimizi sat\u0131n ald\u0131\u011f\u0131n\u0131zda ve hizmetlerimiz ve \u00fcr\u00fcnlerimiz i\u00e7in matbu veya \u00e7evrimi\u00e7i olarak idari formlar\u0131m\u0131z\u0131 doldurdu\u011funuzda toplar\u0131z.<br \/>Sizden ve sizin hakk\u0131n\u0131zda veri toplamak i\u00e7in a\u015fa\u011f\u0131dakiler de dahil olmak \u00fczere farkl\u0131 y\u00f6ntemler kullan\u0131r\u0131z:  <\/p>\n<ul>\n<li><b>Do\u011frudan etkile\u015fimler.<\/b> Formlar\u0131 doldurarak, web sitemizi kullanarak veya bizimle posta, telefon, e-posta veya ba\u015fka bir \u015fekilde yaz\u0131\u015farak bize kimlik ve ileti\u015fim verilerinizi verebilirsiniz.<\/li>\n<li><b>Otomatik teknolojiler veya etkile\u015fimler.<\/b> Web sitemiz ve dijital kanallar\u0131m\u0131zla etkile\u015fime ge\u00e7ti\u011finizde, ekipman\u0131n\u0131z, tarama eylemleriniz ve \u00f6r\u00fcnt\u00fcleriniz hakk\u0131nda otomatik olarak teknik veriler toplayabiliriz.<br \/>Bu ki\u015fisel verileri \u00e7erezler, sunucu g\u00fcnl\u00fckleri ve di\u011fer benzer teknolojileri kullanarak topluyoruz.<br \/>Daha fazla bilgi edinmek i\u00e7in l\u00fctfen \u00e7erez politikam\u0131za bak\u0131n.  <\/li>\n<li><b>\u00dc\u00e7\u00fcnc\u00fc taraflar veya halka a\u00e7\u0131k kaynaklar.<\/b> Hakk\u0131n\u0131zdaki ki\u015fisel verileri, \u00e7e\u015fitli \u00fc\u00e7\u00fcnc\u00fc taraflar ve halka a\u00e7\u0131k kaynaklardan edinebiliriz.<\/li>\n<\/ul>\n<h2>KI\u0307\u015eI\u0307SEL BI\u0307LGI\u0307LERI\u0307NI\u0307ZI\u0307 NASIL KULLANIYORUZ?<\/h2>\n<p> Ki\u015fisel verilerinizi yaln\u0131zca yasalar izin verdi\u011finde kullanaca\u011f\u0131z.<br \/>Ki\u015fisel verilerinizi \u00f6ncelikle sorunuz, geri bildiriminiz veya \u015fikayetinize yan\u0131t vermemizi ve yasal y\u00fck\u00fcml\u00fcl\u00fcklerimize uymam\u0131z\u0131 sa\u011flamak i\u00e7in i\u015flememiz gerekiyor.<br \/>Baz\u0131 durumlarda, \u00e7\u0131kar ve temel haklar\u0131n\u0131z\u0131n bu \u00e7\u0131karlar\u0131n \u00f6n\u00fcne ge\u00e7memesi kayd\u0131yla, ki\u015fisel verilerinizi kendimizin veya \u00fc\u00e7\u00fcnc\u00fc taraflar\u0131n me\u015fru \u00e7\u0131karlar\u0131n\u0131 ger\u00e7ekle\u015ftirmek i\u00e7in kullanabiliriz.<br \/>Ki\u015fisel bilgilerinizi sizin (veya bir ba\u015fkas\u0131n\u0131n) \u00e7\u0131karlar\u0131n\u0131 korumam\u0131z gerekti\u011finde veya kamu yarar\u0131 i\u00e7in gerekli oldu\u011funda da kullanabiliriz.<br \/>Ki\u015fisel bilgilerinizi nas\u0131l kullanabilece\u011fimize ili\u015fkin \u00f6rnekler a\u015fa\u011f\u0131daki tabloda belirtilmi\u015ftir.     <\/p>\n<table>\n<thead>\n<tr>\n<th valign=\"top\">Ama\u00e7\/Faaliyet<\/th>\n<th valign=\"top\">\u0130\u015fleme i\u00e7in Olas\u0131 Yasal Dayanak<\/th>\n<\/tr>\n<\/thead>\n<tbody>\n<tr>\n<td valign=\"top\" data-content=\"Purpose \/ Activity\">M\u00fc\u015fterimiz, tedarik\u00e7imiz, y\u00fcklenicimiz veya hissedar\u0131m\u0131z olarak sizinle olan ili\u015fkimizi y\u00f6netmek<\/td>\n<td valign=\"top\" data-content=\"Possible Lawful Basis for Processing\">Sizinle yap\u0131lan bir s\u00f6zle\u015fmenin ifas\u0131<\/td>\n<\/tr>\n<\/tbody>\n<tbody>\n<tr>\n<td valign=\"top\" data-content=\"Purpose \/ Activity\">Ko\u015fullar\u0131m\u0131z veya bu politikada yap\u0131lan de\u011fi\u015fiklikler hakk\u0131nda sise bildirimde bulunmak<\/td>\n<td valign=\"top\" data-content=\"Possible Lawful Basis for Processing\">Yasal y\u00fck\u00fcml\u00fcl\u00fc\u011f\u00fcm\u00fcz\u00fc yerine getirmek i\u00e7in gerekli olan hallerde<\/td>\n<\/tr>\n<tr>\n<td valign=\"top\" data-content=\"Purpose \/ Activity\">Yorum b\u0131rakman\u0131z\u0131 veya bir ankete kat\u0131lman\u0131z\u0131 istemek<\/td>\n<td valign=\"top\" data-content=\"Possible Lawful Basis for Processing\">Me\u015fru menfaatlerimiz i\u00e7in gerekli olan hallerde (kay\u0131tlar\u0131m\u0131z\u0131 g\u00fcncel tutmak ve m\u00fc\u015fterilerin \u00fcr\u00fcnlerimizi\/hizmetlerimizi nas\u0131l kulland\u0131\u011f\u0131n\u0131 incelemek i\u00e7in)<\/td>\n<\/tr>\n<tr>\n<td valign=\"top\" data-content=\"Purpose \/ Activity\">\u0130\u015fletmemizi ve web sitemizi y\u00f6netmek ve korumak (sorun giderme, veri analizi, test, sistem bak\u0131m\u0131, destek, raporlama ve verilerin bar\u0131nd\u0131r\u0131lmas\u0131 dahil)<\/td>\n<td valign=\"top\" data-content=\"Possible Lawful Basis for Processing\"><b>(a)<\/b> Me\u015fru menfaatlerimiz i\u00e7in gerekli olan hallerde (i\u015fimizi y\u00fcr\u00fctmek, y\u00f6netim ve BT hizmetleri sa\u011flamak, a\u011f g\u00fcvenli\u011fi, doland\u0131r\u0131c\u0131l\u0131\u011f\u0131 \u00f6nlemek ve bir i\u015f reorganizasyonu veya grup yeniden yap\u0131land\u0131rma uygulamas\u0131 ba\u011flam\u0131nda) <b>(b)<\/b>Yasal bir y\u00fck\u00fcml\u00fcl\u00fc\u011fe uymak i\u00e7in gerekli olan hallerde<\/td>\n<\/tr>\n<tr>\n<td valign=\"top\" data-content=\"Purpose \/ Activity\">Web sitemiz, \u00fcr\u00fcnlerimiz\/hizmetlerimiz, pazarlamam\u0131z, m\u00fc\u015fteri ve yat\u0131r\u0131mc\u0131 ili\u015fkilerimiz ve deneyimlerimizi geli\u015ftirmek i\u00e7in veri analiti\u011fini kullanmak<\/td>\n<td valign=\"top\" data-content=\"Possible Lawful Basis for Processing\">Me\u015fru menfaatimiz i\u00e7in gerekli olan hallerde (\u00fcr\u00fcnlerimiz ve hizmetlerimiz i\u00e7in m\u00fc\u015fteri t\u00fcrlerini tan\u0131mlamak, web sitemizi g\u00fcncel ve ge\u00e7erli tutmak, i\u015fimizi geli\u015ftirmek ve pazarlama stratejimize bilgi sa\u011flamak)<\/td>\n<\/tr>\n<tr>\n<td valign=\"top\" data-content=\"Purpose \/ Activity\">Sorunuza, geri bildiriminize veya \u015fikayetinize yan\u0131t vermek<\/td>\n<td valign=\"top\" data-content=\"Possible Lawful Basis for Processing\"><b>(a)<\/b> Yasal bir y\u00fck\u00fcml\u00fcl\u00fc\u011fe uymak i\u00e7in gerekli olan hallerde <b>(b)<\/b> Sizinle yap\u0131lan bir s\u00f6zle\u015fmenin ifas\u0131<\/td>\n<\/tr>\n<\/tbody>\n<\/table>\n<h2>VERI\u0307 KORUMA POLI\u0307TI\u0307KALARI<\/h2>\n<p> Ki\u015fisel verilerinizle ilgili \u00e7e\u015fitli \u00f6nemli hususlar\u0131 a\u00e7\u0131kl\u0131\u011fa kavu\u015fturmak i\u00e7in uygun Veri Koruma Politikalar\u0131 olu\u015fturulmu\u015ftur: <\/p>\n<ul>\n<li>Hakk\u0131n\u0131zda tuttu\u011fumuz ki\u015fisel verilerin t\u00fcr\u00fc.<\/li>\n<li>Ki\u015fisel verilerinizi nas\u0131l topluyoruz?<\/li>\n<li>Ki\u015fisel verilerinizi nas\u0131l kullan\u0131yoruz?<\/li>\n<li>Ki\u015fisel verilerinizi nas\u0131l payla\u015f\u0131yoruz?<\/li>\n<li>Ki\u015fisel verilerinizi ne kadar s\u00fcreyle sakl\u0131yoruz?<\/li>\n<li>Veri Sahibi olarak haklar\u0131n\u0131z.<\/li>\n<\/ul>\n<p> Sizin i\u00e7in ge\u00e7erli olan Veri Koruma Politikas\u0131n\u0131n bir n\u00fcshas\u0131 a\u015fa\u011f\u0131daki se\u00e7eneklerden herhangi biri arac\u0131l\u0131\u011f\u0131yla sa\u011flanabilir: <\/p>\n<ul>\n<li>Hissedar olman\u0131z durumunda, \u00e7evrimi\u00e7i hissedar hesab\u0131n\u0131zdan veya hissedarl\u0131k konular\u0131n\u0131zla ilgilenen her zamanki Kerry Group ileti\u015fim ki\u015finizle ba\u011flant\u0131ya ge\u00e7erek eri\u015febilirsiniz.<\/li>\n<li>M\u00fc\u015fteri olman\u0131z durumunda, ilgili Kerry Group \u015firketi veya i\u015f yapt\u0131\u011f\u0131n\u0131z b\u00f6l\u00fcm\u00fcn web sitesindeki uygun sayfadan eri\u015febilirsiniz.<\/li>\n<li>Di\u011fer t\u00fcm talepler i\u00e7in l\u00fctfen Veri Koruma G\u00f6revlimiz ile ileti\u015fime ge\u00e7in.<\/li>\n<\/ul>\n<p> Ki\u015fisel verilerinizi nas\u0131l ve neden kulland\u0131\u011f\u0131m\u0131z\u0131 bilmeniz amac\u0131yla sizin i\u00e7in ge\u00e7erli olan Veri Koruma Politikas\u0131n\u0131 okuman\u0131z \u00f6nemlidir. <\/p>\n<h2>VERI\u0307 KORUMA G\u00d6REVLI\u0307SI\u0307<\/h2>\n<p> Veri Koruma Politikalar\u0131m\u0131za uyumu denetlemesi amac\u0131yla bir Veri Koruma G\u00f6revlisi atad\u0131k.<br \/>Veri Koruma Politikalar\u0131m\u0131z veya ki\u015fisel verilerinizi nas\u0131l i\u015fledi\u011fimiz konusunda herhangi bir sorunuz varsa l\u00fctfen Kerry Global Technology  Innovation Centre, Millennium Park, Naas, Co. Kildare, \u0130rlanda adresinden veya data.protection@kerry.com e-posta adresinden Veri Koruma G\u00f6revlimize ula\u015f\u0131n.   <\/p>\n<h2>HAKLARINIZ<\/h2>\n<p> Belirli ko\u015fullar alt\u0131nda, yasal olarak a\u015fa\u011f\u0131daki haklara sahipsiniz: <\/p>\n<ul>\n<li>Ki\u015fisel verilerinize eri\u015fim talep etmek.<\/li>\n<li>Hakk\u0131n\u0131zda tuttu\u011fumuz ki\u015fisel verilerin d\u00fczeltilmesini talep etmek<\/li>\n<li>Ki\u015fisel verilerinizin silinmesini talep etmek.<\/li>\n<li>Ki\u015fisel verilerinizin i\u015flenmesine itiraz etmek.<\/li>\n<li>Ki\u015fisel verilerinizin i\u015flenmesinin k\u0131s\u0131tlanmas\u0131n\u0131 talep etmek.<\/li>\n<li>Ki\u015fisel verilerinizin ba\u015fka bir tarafa aktar\u0131lmas\u0131n\u0131 talep etmek.<\/li>\n<\/ul>\n<p> Ki\u015fisel bilgilerinizi incelemek, do\u011frulamak, d\u00fczeltmek veya silinmesini talep etmek, ki\u015fisel verilerinizin i\u015flenmesine itiraz etmek veya ki\u015fisel bilgilerinizin bir kopyas\u0131n\u0131n ba\u015fka bir tarafa aktar\u0131lmas\u0131n\u0131 talep etmek istiyorsan\u0131z l\u00fctfen yukar\u0131da ileti\u015fim bilgileri verilen Veri Koruma G\u00f6revlimizle ileti\u015fime ge\u00e7in.<br \/>Ki\u015fisel bilgilerinize eri\u015fmek (veya di\u011fer haklardan herhangi birini kullanmak) i\u00e7in bir \u00fccret \u00f6demeniz gerekmeyecektir.<br \/>Bununla birlikte, eri\u015fim talebinizin a\u00e7\u0131k\u00e7a temelsiz veya a\u015f\u0131r\u0131 olmas\u0131 durumunda makul bir \u00fccret talep edebiliriz.<br \/>Alternatif olarak, s\u00f6z konusu hallerde talebi yerine getirmeyi reddedebiliriz.<br \/>Kimli\u011finizi do\u011frulamam\u0131za ve bilgilere eri\u015fim hakk\u0131n\u0131z\u0131 sa\u011flamam\u0131za (veya di\u011fer haklar\u0131n\u0131zdan herhangi birini kullanman\u0131za) yard\u0131mc\u0131 olmak i\u00e7in sizden belirli bilgiler talep etmemiz gerekebilir.<br \/>Bu, ki\u015fisel bilgilerin bu bilgileri alma hakk\u0131 olmayan herhangi bir ki\u015fiye if\u015fa edilmemesini sa\u011flamak amac\u0131yla kullan\u0131lan ba\u015fka bir uygun g\u00fcvenlik \u00f6nlemidir.      <\/p>\n<h2>\u015e\u0130KAYETLER<\/h2>\n<p> Ki\u015fisel verilerinizi kabul etti\u011finiz \u015fekilde i\u015flemedi\u011fimizi veya haklar\u0131n\u0131za ayk\u0131r\u0131 davrand\u0131\u011f\u0131m\u0131z\u0131 d\u00fc\u015f\u00fcn\u00fcyorsan\u0131z \u00fclkenizdeki ilgili Ulusal Denetim Makam\u0131na \u015fikayette bulunma hakk\u0131na sahipsiniz: <\/p>\n<table>\n<thead>\n<tr>\n<th valign=\"top\">\u0130rlanda Cumhuriyeti<\/th>\n<th valign=\"top\">Birle\u015fik Krall\u0131k Merkez Ofis<\/th>\n<\/tr>\n<\/thead>\n<tbody>\n<tr>\n<td valign=\"top\" data-content=\"Republic of Ireland\"><b>Veri Koruma Komisyonu<\/b> Canal House<br \/>Station Road,<br \/>Portarlington,<br \/>R32 AP23,<br \/>Co. Laois,<br \/>\u0130rlanda <\/td>\n<td valign=\"top\" data-content=\"UK Head Office\"><b>Information Commissioner\u2019s Office<\/b> Wycliffe House<br \/>Water Lane,<br \/>Wilmslow,<br \/>Cheshire,<br \/>SK9 5AF,<br \/>Birle\u015fik Krall\u0131k<\/td>\n<\/tr>\n<\/tbody>\n<tbody>\n<tr>\n<td valign=\"top\" data-content=\"Republic of Ireland\"><b>Tel:<\/b> +353 (0)57 868 4800 | +353 (0)76 110 4800 <b>Yerel \u00c7a\u011fr\u0131 Numaras\u0131:<\/b> 1890 252 231 <b>E-posta:<\/b> <a href=\"mailto:info@dataprotection.ie\" target=\"_self\" rel=\"noopener\">info@dataprotection.ie<\/a><b>Web sitesi:<\/b> <a href=\"https:\/\/www.dataprotection.ie\/\" target=\"_blank\" rel=\"noopener\">www.dataprotection.ie<\/a><\/td>\n<td valign=\"top\" data-content=\"UK Head Office\"><b>Tel:<\/b> +44 (0)303 123 1113 (local rate) | +44 (0)1625 545 745 <b>E-posta:<\/b> <a href=\"mailto:dataprotectionfee@ico.org.uk\" target=\"_self\" rel=\"noopener\">dataprotectionfee@ico.org.uk<\/a><b>Web sitesi:<\/b> <a href=\"http:\/\/www.ico.org.uk\/\" target=\"_blank\" rel=\"noopener\">http:\/\/www.ico.org.uk<\/a><\/td>\n<\/tr>\n<\/tbody>\n<\/table>\n<p> Veri Koruma Mevzuat\u0131 kapsam\u0131nda atanan di\u011fer ilgili ulusal denetim makamlar\u0131n\u0131n ayr\u0131nt\u0131lar\u0131 a\u015fa\u011f\u0131da bulunabilir:Avrupa&#8217;daki Ulusal Denetim Makamlar\u0131.<\/p>\n","protected":false},"excerpt":{"rendered":"<p>Merkezi \u0130rlanda&#8217;da bulunan Kerry Group PLC, k\u00fcresel \u00f6l\u00e7ekte faaliyet g\u00f6stermekte olup t\u00fcm \u015firketlerinde ki\u015fisel verilerin gizlili\u011fini ve g\u00fcvenli\u011fini korumaya kendini adam\u0131\u015ft\u0131r.<\/p>\n","protected":false},"author":1,"featured_media":0,"parent":0,"menu_order":0,"comment_status":"closed","ping_status":"closed","template":"page-privacy-policy.php","meta":{"_acf_changed":false,"footnotes":""},"class_list":["post-9275","page","type-page","status-publish","hentry","no-post-thumbnail"],"acf":[],"aioseo_notices":[],"_links":{"self":[{"href":"https:\/\/apmea.davincigourmet.com\/tr\/wp-json\/wp\/v2\/pages\/9275","targetHints":{"allow":["GET"]}}],"collection":[{"href":"https:\/\/apmea.davincigourmet.com\/tr\/wp-json\/wp\/v2\/pages"}],"about":[{"href":"https:\/\/apmea.davincigourmet.com\/tr\/wp-json\/wp\/v2\/types\/page"}],"author":[{"embeddable":true,"href":"https:\/\/apmea.davincigourmet.com\/tr\/wp-json\/wp\/v2\/users\/1"}],"replies":[{"embeddable":true,"href":"https:\/\/apmea.davincigourmet.com\/tr\/wp-json\/wp\/v2\/comments?post=9275"}],"version-history":[{"count":2,"href":"https:\/\/apmea.davincigourmet.com\/tr\/wp-json\/wp\/v2\/pages\/9275\/revisions"}],"predecessor-version":[{"id":11751,"href":"https:\/\/apmea.davincigourmet.com\/tr\/wp-json\/wp\/v2\/pages\/9275\/revisions\/11751"}],"wp:attachment":[{"href":"https:\/\/apmea.davincigourmet.com\/tr\/wp-json\/wp\/v2\/media?parent=9275"}],"curies":[{"name":"wp","href":"https:\/\/api.w.org\/{rel}","templated":true}]}}