{"id":9364,"date":"2022-07-14T09:50:40","date_gmt":"2022-07-14T09:50:40","guid":{"rendered":"https:\/\/apmea.davincigourmet.com\/our-brand-story\/"},"modified":"2026-03-12T09:48:15","modified_gmt":"2026-03-12T09:48:15","slug":"our-brand-story","status":"publish","type":"page","link":"https:\/\/apmea.davincigourmet.com\/tr\/our-brand-story\/","title":{"rendered":"Marka Hik\u00e2yemiz"},"content":{"rendered":"","protected":false},"excerpt":{"rendered":"<p>G\u00fcncel kalmak i\u00e7in e-b\u00fcltenimize kaydolun! Heyecan verici tarifler, en yeni teknikler ve sekt\u00f6rdeki en son trendler hakk\u0131nda bilgi edinmek i\u00e7in kaydolun.<\/p>\n","protected":false},"author":1,"featured_media":0,"parent":0,"menu_order":0,"comment_status":"closed","ping_status":"closed","template":"page-brand-story.php","meta":{"_acf_changed":false,"footnotes":""},"class_list":["post-9364","page","type-page","status-publish","hentry","no-post-thumbnail"],"acf":[],"aioseo_notices":[],"_links":{"self":[{"href":"https:\/\/apmea.davincigourmet.com\/tr\/wp-json\/wp\/v2\/pages\/9364","targetHints":{"allow":["GET"]}}],"collection":[{"href":"https:\/\/apmea.davincigourmet.com\/tr\/wp-json\/wp\/v2\/pages"}],"about":[{"href":"https:\/\/apmea.davincigourmet.com\/tr\/wp-json\/wp\/v2\/types\/page"}],"author":[{"embeddable":true,"href":"https:\/\/apmea.davincigourmet.com\/tr\/wp-json\/wp\/v2\/users\/1"}],"replies":[{"embeddable":true,"href":"https:\/\/apmea.davincigourmet.com\/tr\/wp-json\/wp\/v2\/comments?post=9364"}],"version-history":[{"count":2,"href":"https:\/\/apmea.davincigourmet.com\/tr\/wp-json\/wp\/v2\/pages\/9364\/revisions"}],"predecessor-version":[{"id":11724,"href":"https:\/\/apmea.davincigourmet.com\/tr\/wp-json\/wp\/v2\/pages\/9364\/revisions\/11724"}],"wp:attachment":[{"href":"https:\/\/apmea.davincigourmet.com\/tr\/wp-json\/wp\/v2\/media?parent=9364"}],"curies":[{"name":"wp","href":"https:\/\/api.w.org\/{rel}","templated":true}]}}